{"id":40,"date":"2025-05-05T18:53:16","date_gmt":"2025-05-05T18:53:16","guid":{"rendered":"https:\/\/cebelarstvo-cret.com\/services\/"},"modified":"2025-05-31T15:11:02","modified_gmt":"2025-05-31T15:11:02","slug":"izdelki","status":"publish","type":"page","link":"https:\/\/cebelarstvo-cret.com\/en\/izdelki\/","title":{"rendered":"Products"},"content":{"rendered":"<h2>\n\t\tHomemade Beekeeping Products and Produce\n\t<\/h2>\n\t<!DOCTYPE html>\n<html lang=\"sl\">\n<head>\n    <meta charset=\"UTF-8\"\/>\n    <meta name=\"viewport\" content=\"width=device-width, initial-scale=1.0\"\/>\n    <title>Doma\u010da \u010cebelarija<\/title>\n    <link rel=\"stylesheet\" href=\"style.css\"\/>\n<\/head>\n<body>\n    <main>\n        <section>\n            <h2>Products<\/h2>\n                <img decoding=\"async\" src=\"https:\/\/cebelarstvo-cret.com\/wp-content\/uploads\/2025\/05\/icon.png\" alt=\"Kremni med\"\/>\n                <h3>Creamed Honey<\/h3>\n                <p>Gentle, spreadable honey from our home apiary.<\/p>\n                <img decoding=\"async\" src=\"https:\/\/cebelarstvo-cret.com\/wp-content\/uploads\/2025\/05\/icon.png\" alt=\"Sve\u010dka iz voska\"\/>\n                <h3>Honey treasure<\/h3>\n                <p>Creamed honey with pollen, propolis, and royal jelly.      <\/p>\n        <\/section>\n        <section>\n            <h2>Produce<\/h2>\n    <img decoding=\"async\" src=\"https:\/\/cebelarstvo-cret.com\/wp-content\/uploads\/2025\/05\/icon.png\" alt=\"Med\"\/>\n    <h3>Honey<\/h3>\n    <p>Different types of honey, produced in pristine nature:<\/p>\n    <ul>\n        <li>Cvetli\u010dni med &#8211; iz obmo\u010dja Ko\u010devja in \u017detal<\/li>\n        <li>Lipov med &#8211; iz obmo\u010dja Ko\u010devja<\/li>\n        <li>Gozdni med &#8211; iz obmo\u010dja Ko\u010devja<\/li>\n        <li>Kostanjev med &#8211; iz obmo\u010dja \u017detal<\/li>\n        <li>Hojev med &#8211; iz obmo\u010dja Ko\u010devja<\/li>\n        <li>Akacijev med &#8211; iz prevoznih enot <\/li>\n    <\/ul>\n                <img decoding=\"async\" src=\"https:\/\/cebelarstvo-cret.com\/wp-content\/uploads\/2025\/05\/icon.png\" alt=\"Cvetni prah\"\/>\n                <h3>Pollen<\/h3>\n                <p>A rich superfood, full of vitamins and enzymes.<\/p>\n                <img decoding=\"async\" src=\"https:\/\/cebelarstvo-cret.com\/wp-content\/uploads\/2025\/05\/icon.png\" alt=\"Propolis\"\/>\n                <h3>Propolis<\/h3>\n                <p>Natural defense against colds and inflammation.<\/p>\n        <\/section>\n    <\/main>\n<\/body>\n<\/html>\n\t\t\t\t<img loading=\"lazy\" decoding=\"async\" src=\"https:\/\/cebelarstvo-cret.com\/wp-content\/uploads\/2025\/05\/medi.jpg\" alt=\"medi\" itemprop=\"image\" height=\"474\" width=\"1258\" title=\"medi\" onerror=\"this.style.display='none'\"  \/>","protected":false},"excerpt":{"rendered":"<p>Doma\u010di \u010cebelarski Izdelki in Pridelki Doma\u010da \u010cebelarija Izdelki Kremni med Ne\u017een, mazljiv med iz doma\u010dega \u010debelnjaka. Medeno bogastvo Kremni med [&hellip;]<\/p>","protected":false},"author":1,"featured_media":0,"parent":0,"menu_order":0,"comment_status":"closed","ping_status":"closed","template":"","meta":{"site-sidebar-layout":"default","site-content-layout":"","ast-site-content-layout":"","site-content-style":"default","site-sidebar-style":"default","ast-global-header-display":"","ast-banner-title-visibility":"","ast-main-header-display":"","ast-hfb-above-header-display":"","ast-hfb-below-header-display":"","ast-hfb-mobile-header-display":"","site-post-title":"disabled","ast-breadcrumbs-content":"","ast-featured-img":"","footer-sml-layout":"","theme-transparent-header-meta":"","adv-header-id-meta":"","stick-header-meta":"","header-above-stick-meta":"","header-main-stick-meta":"","header-below-stick-meta":"","astra-migrate-meta-layouts":"default","ast-page-background-enabled":"default","ast-page-background-meta":{"desktop":{"background-color":"var(--ast-global-color-4)","background-image":"","background-repeat":"repeat","background-position":"center center","background-size":"auto","background-attachment":"scroll","background-type":"","background-media":"","overlay-type":"","overlay-color":"","overlay-opacity":"","overlay-gradient":""},"tablet":{"background-color":"","background-image":"","background-repeat":"repeat","background-position":"center center","background-size":"auto","background-attachment":"scroll","background-type":"","background-media":"","overlay-type":"","overlay-color":"","overlay-opacity":"","overlay-gradient":""},"mobile":{"background-color":"","background-image":"","background-repeat":"repeat","background-position":"center center","background-size":"auto","background-attachment":"scroll","background-type":"","background-media":"","overlay-type":"","overlay-color":"","overlay-opacity":"","overlay-gradient":""}},"ast-content-background-meta":{"desktop":{"background-color":"var(--ast-global-color-5)","background-image":"","background-repeat":"repeat","background-position":"center center","background-size":"auto","background-attachment":"scroll","background-type":"","background-media":"","overlay-type":"","overlay-color":"","overlay-opacity":"","overlay-gradient":""},"tablet":{"background-color":"var(--ast-global-color-5)","background-image":"","background-repeat":"repeat","background-position":"center center","background-size":"auto","background-attachment":"scroll","background-type":"","background-media":"","overlay-type":"","overlay-color":"","overlay-opacity":"","overlay-gradient":""},"mobile":{"background-color":"var(--ast-global-color-5)","background-image":"","background-repeat":"repeat","background-position":"center center","background-size":"auto","background-attachment":"scroll","background-type":"","background-media":"","overlay-type":"","overlay-color":"","overlay-opacity":"","overlay-gradient":""}},"footnotes":""},"class_list":["post-40","page","type-page","status-publish","hentry"],"_links":{"self":[{"href":"https:\/\/cebelarstvo-cret.com\/en\/wp-json\/wp\/v2\/pages\/40","targetHints":{"allow":["GET"]}}],"collection":[{"href":"https:\/\/cebelarstvo-cret.com\/en\/wp-json\/wp\/v2\/pages"}],"about":[{"href":"https:\/\/cebelarstvo-cret.com\/en\/wp-json\/wp\/v2\/types\/page"}],"author":[{"embeddable":true,"href":"https:\/\/cebelarstvo-cret.com\/en\/wp-json\/wp\/v2\/users\/1"}],"replies":[{"embeddable":true,"href":"https:\/\/cebelarstvo-cret.com\/en\/wp-json\/wp\/v2\/comments?post=40"}],"version-history":[{"count":30,"href":"https:\/\/cebelarstvo-cret.com\/en\/wp-json\/wp\/v2\/pages\/40\/revisions"}],"predecessor-version":[{"id":774,"href":"https:\/\/cebelarstvo-cret.com\/en\/wp-json\/wp\/v2\/pages\/40\/revisions\/774"}],"wp:attachment":[{"href":"https:\/\/cebelarstvo-cret.com\/en\/wp-json\/wp\/v2\/media?parent=40"}],"curies":[{"name":"wp","href":"https:\/\/api.w.org\/{rel}","templated":true}]}}